{"id":31,"date":"2024-01-10T14:35:26","date_gmt":"2024-01-10T13:35:26","guid":{"rendered":"https:\/\/scholapragensis.200.solutions\/?page_id=31"},"modified":"2025-09-21T23:06:59","modified_gmt":"2025-09-21T21:06:59","slug":"hlavni-stranka","status":"publish","type":"page","link":"https:\/\/scholapragensis.200.solutions\/","title":{"rendered":"Hlavn\u00ed str\u00e1nka"},"content":{"rendered":"<section class=\"bde-section-31-103 bde-section\">\n  \n\t\n\n\n\n<div class=\"section-container\"><img decoding=\"async\" class=\"bde-image2-31-192 bde-image2\" src=\"https:\/\/scholapragensis.200.solutions\/wp-content\/uploads\/2025\/09\/logo_bordered.png\" loading=\"lazy\" srcset=\"https:\/\/scholapragensis.200.solutions\/wp-content\/uploads\/2025\/09\/logo_bordered.png 944w, https:\/\/scholapragensis.200.solutions\/wp-content\/uploads\/2025\/09\/logo_bordered-300x119.png 300w, https:\/\/scholapragensis.200.solutions\/wp-content\/uploads\/2025\/09\/logo_bordered-768x303.png 768w\" sizes=\"(max-width: 944px) 100vw, 944px\"><\/img><div class=\"bde-text-31-191 bde-text\">\nVeletrh a aplikace Schola Pragensis v\u00e1s provede v\u00fdb\u011brem st\u0159edn\u00ed \u0161koly. Ud\u011blejte si p\u0159ehled o stovk\u00e1ch \u0161kol na jednom m\u00edst\u011b <b>od 27. do 29. listopadu 2025<\/b>\n<\/div><a class=\"bde-container-link-31-226 bde-container-link breakdance-link\" href=\"https:\/\/aplikace.scholapragensis.online\" target=\"_self\" data-type=\"url\">\n  \n\t\n\n\n\n<div class=\"bde-div-31-223 bde-div retro-button\">\n  \n\t\n\n\n\n<div class=\"bde-icon-31-225 bde-icon\">\n\n    \n            <div class=\"bde-icon-icon breakdance-icon-atom\" >\n    \n                    <svg xmlns=\"http:\/\/www.w3.org\/2000\/svg\" width=\"24\" height=\"24\" viewBox=\"0 0 24 24\" fill=\"none\">\r\n<path d=\"M6 2H14V4H6V2ZM4 6V4H6V6H4ZM4 14H2V6H4V14ZM6 16H4V14H6V16ZM14 16V18H6V16H14ZM16 14H14V16H16V18H18V20H20V22H22V20H20V18H18V16H16V14ZM16 6H18V14H16V6ZM16 6V4H14V6H16Z\" fill=\"black\"\/>\r\n<\/svg>\n        \n        \n        \n            <\/div>\n    \n\n\n<\/div><div class=\"bde-text-31-224 bde-text\">\nProzkoumat \u0161koly\n<\/div>\n<\/div>\n\n<\/a><\/div>\n<\/section><section class=\"bde-section-31-193 bde-section\">\n              \n  \n\t\n\n\n\n<div class=\"section-container\"><h2 class=\"bde-heading-31-218 bde-heading\">\nMohlo by V\u00e1s zaj\u00edmat\n<\/h2><div class=\"bde-accordion-31-198 bde-accordion bde-accordion--bordered\"><div class=\"bde-accordion__content-wrapper-31-199 bde-accordion__content-wrapper\">\n<h3 class=\"bde-accordion__title-tag\">\n  <button type=\"button\" class=\"bde-accordion__button\" id=\"accordion-button-199\" aria-controls=\"accordion-panel-199\" aria-expanded=\"false\">\n     <span class=\"bde-accordion__title\" >Kdy?<\/span>\n     <span class=\"bde-accordion__icon bde-accordion__icon--default\"><\/span>\n     <span class=\"bde-accordion__icon bde-accordion__icon--active\"><\/span>\n  <\/button>\n<\/h3>\n\n<div role=\"region\" class=\"bde-accordion__panel\" id=\"accordion-panel-199\" aria-labelledby=\"accordion-button-199\">\n    <div class=\"bde-accordion__panel-content\">\n        <div class=\"bde-text-31-209 bde-text\">\nVeletrh je otev\u0159en od <b>27. do 29. listopadu 2025<\/b>, a to v\u017edy v \u010dase od <b>8:30 do 18:00 hodin<\/b>, krom\u011b soboty, kdy veletrh kon\u010d\u00ed u\u017e v <b>15:00 hodin<\/b>.\n<\/div>\n    <\/div>\n<\/div>\n\n\n\n<\/div><div class=\"bde-accordion__content-wrapper-31-210 bde-accordion__content-wrapper\">\n<h3 class=\"bde-accordion__title-tag\">\n  <button type=\"button\" class=\"bde-accordion__button\" id=\"accordion-button-210\" aria-controls=\"accordion-panel-210\" aria-expanded=\"false\">\n     <span class=\"bde-accordion__title\" >Kde?<\/span>\n     <span class=\"bde-accordion__icon bde-accordion__icon--default\"><\/span>\n     <span class=\"bde-accordion__icon bde-accordion__icon--active\"><\/span>\n  <\/button>\n<\/h3>\n\n<div role=\"region\" class=\"bde-accordion__panel\" id=\"accordion-panel-210\" aria-labelledby=\"accordion-button-210\">\n    <div class=\"bde-accordion__panel-content\">\n        <div class=\"bde-text-31-211 bde-text\">\nKongresov\u00e9 centrum na Vy\u0161ehrad\u011b v Praze.\n<\/div>\n    <\/div>\n<\/div>\n\n\n\n<\/div>\r\n\r\n<\/div><\/div>\n<\/section><section class=\"bde-section-31-121 bde-section\">\n              \n  \n\t\n\n\n\n<div class=\"section-container\"><div class=\"bde-div-31-136 bde-div\">\n  \n\t\n\n\n\n<div class=\"bde-div-31-245 bde-div\">\n  \n\t\n\n\n\n<h2 class=\"bde-heading-31-137 bde-heading\">\nPr\u016fvodce p\u0159ij\u00edma\u010dkami\n<\/h2><div class=\"bde-text-31-138 bde-text\">\nP\u0159iprav se s n\u00e1mi na p\u0159ij\u00edma\u010dky.\n<\/div>\n<\/div><a class=\"bde-container-link-31-231 bde-container-link breakdance-link\" href=\"https:\/\/scholapragensis.200.solutions\/pruvodce-prijimackami\/\" target=\"_self\" data-type=\"url\">\n  \n\t\n\n\n\n<div class=\"bde-div-31-232 bde-div retro-button\">\n  \n\t\n\n\n\n<div class=\"bde-icon-31-233 bde-icon\">\n\n    \n            <div class=\"bde-icon-icon breakdance-icon-atom\" >\n    \n                    <svg xmlns=\"http:\/\/www.w3.org\/2000\/svg\" width=\"24\" height=\"24\" viewBox=\"0 0 24 24\" fill=\"none\">\r\n<path d=\"M10 20H8V4H10V6H12V9H14V11H16V13H14V15H12V18H10V20Z\" fill=\"black\"\/>\r\n<\/svg>\n        \n        \n        \n            <\/div>\n    \n\n\n<\/div><div class=\"bde-text-31-234 bde-text\">\nSpustit pr\u016fvodce\n<\/div>\n<\/div>\n\n<\/a>\n<\/div><div class=\"bde-div-31-125 bde-div\">\n  \n\t\n\n\n\n<div class=\"bde-div-31-235 bde-div\">\n  \n\t\n\n\n\n<h2 class=\"bde-heading-31-147 bde-heading\">\nSt\u00e1hni si na\u0161i appku\n<\/h2><div class=\"bde-text-31-118 bde-text\">\nAplikace Schola Pragensis v\u00e1s provede v\u00fdb\u011brem st\u0159edn\u00ed \u0161koly. Ud\u011blejte si p\u0159ehled o <b>stovk\u00e1ch \u0161kol<\/b> na jednom m\u00edst\u011b.\n<\/div>\n<\/div><div class=\"bde-div-31-246 bde-div\">\n  \n\t\n\n\n\n<a class=\"bde-container-link-31-236 bde-container-link breakdance-link\" href=\"https:\/\/apps.apple.com\/cz\/app\/schola-pragensis\/id6444214298?l=csSchola Pragensis\" target=\"_self\" data-type=\"url\">\n  \n\t\n\n\n\n<div class=\"bde-div-31-237 bde-div retro-button\">\n  \n\t\n\n\n\n<img decoding=\"async\" class=\"bde-image2-31-240 bde-image2\" src=\"https:\/\/scholapragensis.200.solutions\/wp-content\/uploads\/2025\/09\/apple_icon.png\" loading=\"lazy\" sizes=\"(max-width: 128px) 100vw, 128px\"><\/img><div class=\"bde-text-31-239 bde-text\">\nSt\u00e1hnout pro iOS\n<\/div>\n<\/div>\n\n<\/a><a class=\"bde-container-link-31-241 bde-container-link breakdance-link\" href=\"https:\/\/play.google.com\/store\/apps\/details?id=com.solutions200.scholapragensis&amp;hl=cs\" target=\"_self\" data-type=\"url\">\n  \n\t\n\n\n\n<div class=\"bde-div-31-242 bde-div retro-button\">\n  \n\t\n\n\n\n<img decoding=\"async\" class=\"bde-image2-31-243 bde-image2\" src=\"https:\/\/scholapragensis.200.solutions\/wp-content\/uploads\/2025\/09\/android_icon.png\" loading=\"lazy\" sizes=\"(max-width: 128px) 100vw, 128px\"><\/img><div class=\"bde-text-31-244 bde-text\">\nSt\u00e1hnout pro Android\n<\/div>\n<\/div>\n\n<\/a>\n<\/div>\n<\/div><div class=\"bde-div-31-131 bde-div\">\n  \n\t\n\n\n\n<div class=\"bde-div-31-143 bde-div\">\n  \n\t\n\n\n\n<h2 class=\"bde-heading-31-132 bde-heading\">\nPr\u016fvodce v\u00fdb\u011brem st\u0159edn\u00ed \u0161koly\n<\/h2><div class=\"bde-text-31-133 bde-text\">\nStar\u0161\u00ed studenti t\u011b provedou cel\u00fdm<br>v\u00fdb\u011brem st\u0159edn\u00ed \u0161koly.\n<\/div>\n<\/div><a class=\"bde-container-link-31-227 bde-container-link breakdance-link\" href=\"https:\/\/scholapragensis.200.solutions\/pruvodce-vyberem-stredni-skoly\/\" target=\"_self\" data-type=\"url\">\n  \n\t\n\n\n\n<div class=\"bde-div-31-228 bde-div retro-button\">\n  \n\t\n\n\n\n<div class=\"bde-icon-31-229 bde-icon\">\n\n    \n            <div class=\"bde-icon-icon breakdance-icon-atom\" >\n    \n                    <svg xmlns=\"http:\/\/www.w3.org\/2000\/svg\" width=\"24\" height=\"24\" viewBox=\"0 0 24 24\" fill=\"none\">\r\n<path d=\"M10 20H8V4H10V6H12V9H14V11H16V13H14V15H12V18H10V20Z\" fill=\"black\"\/>\r\n<\/svg>\n        \n        \n        \n            <\/div>\n    \n\n\n<\/div><div class=\"bde-text-31-230 bde-text\">\nSpustit pr\u016fvodce\n<\/div>\n<\/div>\n\n<\/a>\n<\/div><\/div>\n<\/section>","protected":false},"excerpt":{"rendered":"<p>Veletrh a aplikace Schola Pragensis v\u00e1s provede v\u00fdb\u011brem st\u0159edn\u00ed \u0161koly. Ud\u011blejte si p\u0159ehled o stovk\u00e1ch \u0161kol na jednom m\u00edst\u011b od 27. do 29. listopadu 2025 Prozkoumat \u0161koly Mohlo by V\u00e1s zaj\u00edmat Kdy? Veletrh je otev\u0159en od 27. do 29. listopadu 2025, a to v\u017edy v \u010dase od 8:30 do 18:00 hodin, krom\u011b soboty, kdy veletrh [&hellip;]<\/p>\n","protected":false},"author":1,"featured_media":0,"parent":0,"menu_order":0,"comment_status":"closed","ping_status":"closed","template":"","meta":{"_acf_changed":false,"inline_featured_image":false,"_breakdance_hide_in_design_set":false,"_breakdance_tags":"","footnotes":""},"class_list":["post-31","page","type-page","status-publish","hentry"],"acf":[],"yoast_head":"<!-- This site is optimized with the Yoast SEO plugin v25.9 - https:\/\/yoast.com\/wordpress\/plugins\/seo\/ -->\n<title>Hlavn\u00ed str\u00e1nka - Schola Pragensis<\/title>\n<meta name=\"robots\" content=\"index, follow, max-snippet:-1, max-image-preview:large, max-video-preview:-1\" \/>\n<link rel=\"canonical\" href=\"https:\/\/scholapragensis.200.solutions\/\" \/>\n<meta property=\"og:locale\" content=\"cs_CZ\" \/>\n<meta property=\"og:type\" content=\"article\" \/>\n<meta property=\"og:title\" content=\"Hlavn\u00ed str\u00e1nka - Schola Pragensis\" \/>\n<meta property=\"og:description\" content=\"Veletrh a aplikace Schola Pragensis v\u00e1s provede v\u00fdb\u011brem st\u0159edn\u00ed \u0161koly. Ud\u011blejte si p\u0159ehled o stovk\u00e1ch \u0161kol na jednom m\u00edst\u011b od 27. do 29. listopadu 2025 Prozkoumat \u0161koly Mohlo by V\u00e1s zaj\u00edmat Kdy? Veletrh je otev\u0159en od 27. do 29. listopadu 2025, a to v\u017edy v \u010dase od 8:30 do 18:00 hodin, krom\u011b soboty, kdy veletrh [&hellip;]\" \/>\n<meta property=\"og:url\" content=\"https:\/\/scholapragensis.200.solutions\/\" \/>\n<meta property=\"og:site_name\" content=\"Schola Pragensis\" \/>\n<meta property=\"article:modified_time\" content=\"2025-09-21T21:06:59+00:00\" \/>\n<meta name=\"twitter:card\" content=\"summary_large_image\" \/>\n<script type=\"application\/ld+json\" class=\"yoast-schema-graph\">{\"@context\":\"https:\/\/schema.org\",\"@graph\":[{\"@type\":\"WebPage\",\"@id\":\"https:\/\/scholapragensis.200.solutions\/\",\"url\":\"https:\/\/scholapragensis.200.solutions\/\",\"name\":\"Hlavn\u00ed str\u00e1nka - Schola Pragensis\",\"isPartOf\":{\"@id\":\"https:\/\/scholapragensis.200.solutions\/#website\"},\"datePublished\":\"2024-01-10T13:35:26+00:00\",\"dateModified\":\"2025-09-21T21:06:59+00:00\",\"breadcrumb\":{\"@id\":\"https:\/\/scholapragensis.200.solutions\/#breadcrumb\"},\"inLanguage\":\"cs\",\"potentialAction\":[{\"@type\":\"ReadAction\",\"target\":[\"https:\/\/scholapragensis.200.solutions\/\"]}]},{\"@type\":\"BreadcrumbList\",\"@id\":\"https:\/\/scholapragensis.200.solutions\/#breadcrumb\",\"itemListElement\":[{\"@type\":\"ListItem\",\"position\":1,\"name\":\"Dom\u016f\",\"item\":\"https:\/\/scholapragensis.200.solutions\/\"},{\"@type\":\"ListItem\",\"position\":2,\"name\":\"Hlavn\u00ed str\u00e1nka\"}]},{\"@type\":\"WebSite\",\"@id\":\"https:\/\/scholapragensis.200.solutions\/#website\",\"url\":\"https:\/\/scholapragensis.200.solutions\/\",\"name\":\"Schola Pragensis\",\"description\":\"Veletrh a aplikace Schola Pragensis v\u00e1s provede v\u00fdb\u011brem st\u0159edn\u00ed \u0161koly.\",\"potentialAction\":[{\"@type\":\"SearchAction\",\"target\":{\"@type\":\"EntryPoint\",\"urlTemplate\":\"https:\/\/scholapragensis.200.solutions\/?s={search_term_string}\"},\"query-input\":{\"@type\":\"PropertyValueSpecification\",\"valueRequired\":true,\"valueName\":\"search_term_string\"}}],\"inLanguage\":\"cs\"}]}<\/script>\n<!-- \/ Yoast SEO plugin. -->","yoast_head_json":{"title":"Hlavn\u00ed str\u00e1nka - Schola Pragensis","robots":{"index":"index","follow":"follow","max-snippet":"max-snippet:-1","max-image-preview":"max-image-preview:large","max-video-preview":"max-video-preview:-1"},"canonical":"https:\/\/scholapragensis.200.solutions\/","og_locale":"cs_CZ","og_type":"article","og_title":"Hlavn\u00ed str\u00e1nka - Schola Pragensis","og_description":"Veletrh a aplikace Schola Pragensis v\u00e1s provede v\u00fdb\u011brem st\u0159edn\u00ed \u0161koly. Ud\u011blejte si p\u0159ehled o stovk\u00e1ch \u0161kol na jednom m\u00edst\u011b od 27. do 29. listopadu 2025 Prozkoumat \u0161koly Mohlo by V\u00e1s zaj\u00edmat Kdy? Veletrh je otev\u0159en od 27. do 29. listopadu 2025, a to v\u017edy v \u010dase od 8:30 do 18:00 hodin, krom\u011b soboty, kdy veletrh [&hellip;]","og_url":"https:\/\/scholapragensis.200.solutions\/","og_site_name":"Schola Pragensis","article_modified_time":"2025-09-21T21:06:59+00:00","twitter_card":"summary_large_image","schema":{"@context":"https:\/\/schema.org","@graph":[{"@type":"WebPage","@id":"https:\/\/scholapragensis.200.solutions\/","url":"https:\/\/scholapragensis.200.solutions\/","name":"Hlavn\u00ed str\u00e1nka - Schola Pragensis","isPartOf":{"@id":"https:\/\/scholapragensis.200.solutions\/#website"},"datePublished":"2024-01-10T13:35:26+00:00","dateModified":"2025-09-21T21:06:59+00:00","breadcrumb":{"@id":"https:\/\/scholapragensis.200.solutions\/#breadcrumb"},"inLanguage":"cs","potentialAction":[{"@type":"ReadAction","target":["https:\/\/scholapragensis.200.solutions\/"]}]},{"@type":"BreadcrumbList","@id":"https:\/\/scholapragensis.200.solutions\/#breadcrumb","itemListElement":[{"@type":"ListItem","position":1,"name":"Dom\u016f","item":"https:\/\/scholapragensis.200.solutions\/"},{"@type":"ListItem","position":2,"name":"Hlavn\u00ed str\u00e1nka"}]},{"@type":"WebSite","@id":"https:\/\/scholapragensis.200.solutions\/#website","url":"https:\/\/scholapragensis.200.solutions\/","name":"Schola Pragensis","description":"Veletrh a aplikace Schola Pragensis v\u00e1s provede v\u00fdb\u011brem st\u0159edn\u00ed \u0161koly.","potentialAction":[{"@type":"SearchAction","target":{"@type":"EntryPoint","urlTemplate":"https:\/\/scholapragensis.200.solutions\/?s={search_term_string}"},"query-input":{"@type":"PropertyValueSpecification","valueRequired":true,"valueName":"search_term_string"}}],"inLanguage":"cs"}]}},"_links":{"self":[{"href":"https:\/\/scholapragensis.200.solutions\/index.php?rest_route=\/wp\/v2\/pages\/31","targetHints":{"allow":["GET"]}}],"collection":[{"href":"https:\/\/scholapragensis.200.solutions\/index.php?rest_route=\/wp\/v2\/pages"}],"about":[{"href":"https:\/\/scholapragensis.200.solutions\/index.php?rest_route=\/wp\/v2\/types\/page"}],"author":[{"embeddable":true,"href":"https:\/\/scholapragensis.200.solutions\/index.php?rest_route=\/wp\/v2\/users\/1"}],"replies":[{"embeddable":true,"href":"https:\/\/scholapragensis.200.solutions\/index.php?rest_route=%2Fwp%2Fv2%2Fcomments&post=31"}],"version-history":[{"count":372,"href":"https:\/\/scholapragensis.200.solutions\/index.php?rest_route=\/wp\/v2\/pages\/31\/revisions"}],"predecessor-version":[{"id":905,"href":"https:\/\/scholapragensis.200.solutions\/index.php?rest_route=\/wp\/v2\/pages\/31\/revisions\/905"}],"wp:attachment":[{"href":"https:\/\/scholapragensis.200.solutions\/index.php?rest_route=%2Fwp%2Fv2%2Fmedia&parent=31"}],"curies":[{"name":"wp","href":"https:\/\/api.w.org\/{rel}","templated":true}]}}