{"id":23,"date":"2024-01-10T14:18:04","date_gmt":"2024-01-10T13:18:04","guid":{"rendered":"https:\/\/scholapragensis.200.solutions\/?page_id=23"},"modified":"2025-06-10T13:33:04","modified_gmt":"2025-06-10T11:33:04","slug":"kontakt","status":"publish","type":"page","link":"https:\/\/scholapragensis.200.solutions\/?page_id=23","title":{"rendered":"Kontakt"},"content":{"rendered":"\n<p>N\u00ed\u017ee najdete sekci \u010dasto kladen\u00fdch dotaz\u016f. Pokud odpov\u011b\u010f nenaleznete ani zde, nev\u00e1hejte n\u00e1s kontaktovat podle pokyn\u016f n\u00ed\u017ee!<\/p>\n\n\n\n<p><strong>Pro koho je veletrh p\u0159\u00edstupn\u00fd?<\/strong><\/p>\n\n\n\n<p>Pro v\u0161echny \u2013 rodi\u010de, \u017e\u00e1ky, \u0161koly i dal\u0161\u00ed osoby!<\/p>\n\n\n\n<p><strong>Je na veletrh nutn\u00e1 registrace?<\/strong><\/p>\n\n\n\n<p>Nen\u00ed. Bez registrace se na veletrh dostanou skupiny i jednotlivci.<\/p>\n\n\n\n<p>U \u0161koln\u00edch t\u0159\u00edd je rezervace siln\u011b doporu\u010dena. Rezervace pro t\u0159\u00eddy je dostupn\u00e1 na <a href=\"https:\/\/rezervace.scholapragensis.online\/\">tomto odkazu<\/a>. Pou\u017eit\u00ed rezerva\u010dn\u00edho n\u00e1stroje je dobrovoln\u00e9 a slou\u017e\u00ed toliko k rozlo\u017een\u00ed n\u00e1poru \u00fa\u010dastn\u00edk\u016f na veletrhu. Zm\u011bnu term\u00ednu a po\u010dtu \u00fa\u010dastn\u00edk\u016f \u010di zru\u0161en\u00ed \u00fa\u010dasti nen\u00ed t\u0159eba ohla\u0161ovat. P\u0159i vstupu na veletrh se nen\u00ed t\u0159eba rezervac\u00ed prokazovat. Rezerva\u010dn\u00ed n\u00e1stroj nezas\u00edl\u00e1 potvrzen\u00ed o rezervaci e-mailem.<\/p>\n\n\n\n<p><strong>Je veletrh bezplatn\u00fd?<\/strong><\/p>\n\n\n\n<p>Ano, veletrh je bezplatn\u00fd pro v\u0161echny osoby.<\/p>\n\n\n\n<p><strong>Od kdy do kdy veletrh prob\u00edh\u00e1?<\/strong><\/p>\n\n\n\n<p>Letos bude veletrh prob\u00edhat mezi dny 27. a\u017e 29. listopadu 2025 v\u00a0Kongresov\u00e9m centru na Vy\u0161ehrad\u011b, a to v\u017edy v\u00a0\u010dase od 8:30 do 18:00 hodin, krom\u011b soboty, kdy veletrh kon\u010d\u00ed u\u017e v\u00a015:00 hodin.<\/p>\n\n\n\n<h3 class=\"wp-block-heading\">Kontakt pro ve\u0159ejnost:<\/h3>\n\n\n\n<p><strong>Kontaktn\u00ed e-mail:<\/strong><\/p>\n\n\n\n<p><a href=\"mailto:veletrh@scholapragensis.200.solutions\">veletrh@scholapragensis.200.solutions<\/a><\/p>\n\n\n\n<p><strong>Kontaktn\u00ed telefonn\u00ed \u010d\u00edslo:<\/strong><\/p>\n\n\n\n<p><a href=\"tel:veletrh@scholapragensis.200.solutions\">732 860 340<\/a><\/p>\n\n\n\n<h3 class=\"wp-block-heading\">Kontakt pro m\u00e9dia:<\/h3>\n\n\n\n<p>Tereza Dejmkov\u00e1<\/p>\n\n\n\n<p><a href=\"tel:veletrh@scholapragensis.200.solutions\">607 865 616<\/a><\/p>\n","protected":false},"excerpt":{"rendered":"<p>N\u00ed\u017ee najdete sekci \u010dasto kladen\u00fdch dotaz\u016f. Pokud odpov\u011b\u010f nenaleznete ani zde, nev\u00e1hejte n\u00e1s kontaktovat podle pokyn\u016f n\u00ed\u017ee! Pro koho je veletrh p\u0159\u00edstupn\u00fd? Pro v\u0161echny \u2013 rodi\u010de, \u017e\u00e1ky, \u0161koly i dal\u0161\u00ed osoby! Je na veletrh nutn\u00e1 registrace? Nen\u00ed. Bez registrace se na veletrh dostanou skupiny i jednotlivci. U \u0161koln\u00edch t\u0159\u00edd je rezervace siln\u011b doporu\u010dena. Rezervace pro [&hellip;]<\/p>\n","protected":false},"author":1,"featured_media":0,"parent":0,"menu_order":0,"comment_status":"closed","ping_status":"closed","template":"","meta":{"_acf_changed":false,"inline_featured_image":false,"_breakdance_hide_in_design_set":false,"_breakdance_tags":"","footnotes":""},"class_list":["post-23","page","type-page","status-publish","hentry"],"acf":[],"yoast_head":"<!-- This site is optimized with the Yoast SEO plugin v25.9 - https:\/\/yoast.com\/wordpress\/plugins\/seo\/ -->\n<title>Kontakt - Schola Pragensis<\/title>\n<meta name=\"robots\" content=\"index, follow, max-snippet:-1, max-image-preview:large, max-video-preview:-1\" \/>\n<link rel=\"canonical\" href=\"https:\/\/scholapragensis.200.solutions\/?page_id=23\" \/>\n<meta property=\"og:locale\" content=\"cs_CZ\" \/>\n<meta property=\"og:type\" content=\"article\" \/>\n<meta property=\"og:title\" content=\"Kontakt - Schola Pragensis\" \/>\n<meta property=\"og:description\" content=\"N\u00ed\u017ee najdete sekci \u010dasto kladen\u00fdch dotaz\u016f. Pokud odpov\u011b\u010f nenaleznete ani zde, nev\u00e1hejte n\u00e1s kontaktovat podle pokyn\u016f n\u00ed\u017ee! Pro koho je veletrh p\u0159\u00edstupn\u00fd? Pro v\u0161echny \u2013 rodi\u010de, \u017e\u00e1ky, \u0161koly i dal\u0161\u00ed osoby! Je na veletrh nutn\u00e1 registrace? Nen\u00ed. Bez registrace se na veletrh dostanou skupiny i jednotlivci. U \u0161koln\u00edch t\u0159\u00edd je rezervace siln\u011b doporu\u010dena. Rezervace pro [&hellip;]\" \/>\n<meta property=\"og:url\" content=\"https:\/\/scholapragensis.200.solutions\/?page_id=23\" \/>\n<meta property=\"og:site_name\" content=\"Schola Pragensis\" \/>\n<meta property=\"article:modified_time\" content=\"2025-06-10T11:33:04+00:00\" \/>\n<meta name=\"twitter:card\" content=\"summary_large_image\" \/>\n<meta name=\"twitter:label1\" content=\"Odhadovan\u00e1 doba \u010dten\u00ed\" \/>\n\t<meta name=\"twitter:data1\" content=\"1 minuta\" \/>\n<script type=\"application\/ld+json\" class=\"yoast-schema-graph\">{\"@context\":\"https:\/\/schema.org\",\"@graph\":[{\"@type\":\"WebPage\",\"@id\":\"https:\/\/scholapragensis.200.solutions\/?page_id=23\",\"url\":\"https:\/\/scholapragensis.200.solutions\/?page_id=23\",\"name\":\"Kontakt - Schola Pragensis\",\"isPartOf\":{\"@id\":\"https:\/\/scholapragensis.200.solutions\/#website\"},\"datePublished\":\"2024-01-10T13:18:04+00:00\",\"dateModified\":\"2025-06-10T11:33:04+00:00\",\"breadcrumb\":{\"@id\":\"https:\/\/scholapragensis.200.solutions\/?page_id=23#breadcrumb\"},\"inLanguage\":\"cs\",\"potentialAction\":[{\"@type\":\"ReadAction\",\"target\":[\"https:\/\/scholapragensis.200.solutions\/?page_id=23\"]}]},{\"@type\":\"BreadcrumbList\",\"@id\":\"https:\/\/scholapragensis.200.solutions\/?page_id=23#breadcrumb\",\"itemListElement\":[{\"@type\":\"ListItem\",\"position\":1,\"name\":\"Dom\u016f\",\"item\":\"https:\/\/scholapragensis.200.solutions\/\"},{\"@type\":\"ListItem\",\"position\":2,\"name\":\"Kontakt\"}]},{\"@type\":\"WebSite\",\"@id\":\"https:\/\/scholapragensis.200.solutions\/#website\",\"url\":\"https:\/\/scholapragensis.200.solutions\/\",\"name\":\"Schola Pragensis\",\"description\":\"Veletrh a aplikace Schola Pragensis v\u00e1s provede v\u00fdb\u011brem st\u0159edn\u00ed \u0161koly.\",\"potentialAction\":[{\"@type\":\"SearchAction\",\"target\":{\"@type\":\"EntryPoint\",\"urlTemplate\":\"https:\/\/scholapragensis.200.solutions\/?s={search_term_string}\"},\"query-input\":{\"@type\":\"PropertyValueSpecification\",\"valueRequired\":true,\"valueName\":\"search_term_string\"}}],\"inLanguage\":\"cs\"}]}<\/script>\n<!-- \/ Yoast SEO plugin. -->","yoast_head_json":{"title":"Kontakt - Schola Pragensis","robots":{"index":"index","follow":"follow","max-snippet":"max-snippet:-1","max-image-preview":"max-image-preview:large","max-video-preview":"max-video-preview:-1"},"canonical":"https:\/\/scholapragensis.200.solutions\/?page_id=23","og_locale":"cs_CZ","og_type":"article","og_title":"Kontakt - Schola Pragensis","og_description":"N\u00ed\u017ee najdete sekci \u010dasto kladen\u00fdch dotaz\u016f. Pokud odpov\u011b\u010f nenaleznete ani zde, nev\u00e1hejte n\u00e1s kontaktovat podle pokyn\u016f n\u00ed\u017ee! Pro koho je veletrh p\u0159\u00edstupn\u00fd? Pro v\u0161echny \u2013 rodi\u010de, \u017e\u00e1ky, \u0161koly i dal\u0161\u00ed osoby! Je na veletrh nutn\u00e1 registrace? Nen\u00ed. Bez registrace se na veletrh dostanou skupiny i jednotlivci. U \u0161koln\u00edch t\u0159\u00edd je rezervace siln\u011b doporu\u010dena. Rezervace pro [&hellip;]","og_url":"https:\/\/scholapragensis.200.solutions\/?page_id=23","og_site_name":"Schola Pragensis","article_modified_time":"2025-06-10T11:33:04+00:00","twitter_card":"summary_large_image","twitter_misc":{"Odhadovan\u00e1 doba \u010dten\u00ed":"1 minuta"},"schema":{"@context":"https:\/\/schema.org","@graph":[{"@type":"WebPage","@id":"https:\/\/scholapragensis.200.solutions\/?page_id=23","url":"https:\/\/scholapragensis.200.solutions\/?page_id=23","name":"Kontakt - Schola Pragensis","isPartOf":{"@id":"https:\/\/scholapragensis.200.solutions\/#website"},"datePublished":"2024-01-10T13:18:04+00:00","dateModified":"2025-06-10T11:33:04+00:00","breadcrumb":{"@id":"https:\/\/scholapragensis.200.solutions\/?page_id=23#breadcrumb"},"inLanguage":"cs","potentialAction":[{"@type":"ReadAction","target":["https:\/\/scholapragensis.200.solutions\/?page_id=23"]}]},{"@type":"BreadcrumbList","@id":"https:\/\/scholapragensis.200.solutions\/?page_id=23#breadcrumb","itemListElement":[{"@type":"ListItem","position":1,"name":"Dom\u016f","item":"https:\/\/scholapragensis.200.solutions\/"},{"@type":"ListItem","position":2,"name":"Kontakt"}]},{"@type":"WebSite","@id":"https:\/\/scholapragensis.200.solutions\/#website","url":"https:\/\/scholapragensis.200.solutions\/","name":"Schola Pragensis","description":"Veletrh a aplikace Schola Pragensis v\u00e1s provede v\u00fdb\u011brem st\u0159edn\u00ed \u0161koly.","potentialAction":[{"@type":"SearchAction","target":{"@type":"EntryPoint","urlTemplate":"https:\/\/scholapragensis.200.solutions\/?s={search_term_string}"},"query-input":{"@type":"PropertyValueSpecification","valueRequired":true,"valueName":"search_term_string"}}],"inLanguage":"cs"}]}},"_links":{"self":[{"href":"https:\/\/scholapragensis.200.solutions\/index.php?rest_route=\/wp\/v2\/pages\/23","targetHints":{"allow":["GET"]}}],"collection":[{"href":"https:\/\/scholapragensis.200.solutions\/index.php?rest_route=\/wp\/v2\/pages"}],"about":[{"href":"https:\/\/scholapragensis.200.solutions\/index.php?rest_route=\/wp\/v2\/types\/page"}],"author":[{"embeddable":true,"href":"https:\/\/scholapragensis.200.solutions\/index.php?rest_route=\/wp\/v2\/users\/1"}],"replies":[{"embeddable":true,"href":"https:\/\/scholapragensis.200.solutions\/index.php?rest_route=%2Fwp%2Fv2%2Fcomments&post=23"}],"version-history":[{"count":8,"href":"https:\/\/scholapragensis.200.solutions\/index.php?rest_route=\/wp\/v2\/pages\/23\/revisions"}],"predecessor-version":[{"id":704,"href":"https:\/\/scholapragensis.200.solutions\/index.php?rest_route=\/wp\/v2\/pages\/23\/revisions\/704"}],"wp:attachment":[{"href":"https:\/\/scholapragensis.200.solutions\/index.php?rest_route=%2Fwp%2Fv2%2Fmedia&parent=23"}],"curies":[{"name":"wp","href":"https:\/\/api.w.org\/{rel}","templated":true}]}}