{"id":17,"date":"2024-01-10T14:17:15","date_gmt":"2024-01-10T13:17:15","guid":{"rendered":"https:\/\/scholapragensis.200.solutions\/?page_id=17"},"modified":"2025-09-21T22:43:36","modified_gmt":"2025-09-21T20:43:36","slug":"ke-stazeni","status":"publish","type":"page","link":"https:\/\/scholapragensis.200.solutions\/?page_id=17","title":{"rendered":"Ke sta\u017een\u00ed"},"content":{"rendered":"\n<h2 class=\"wp-block-heading\">Aplikace Schola Pragensis v\u00e1s provede v\u00fdb\u011brem st\u0159edn\u00ed \u0161koly od za\u010d\u00e1tku do konce<\/h2>\n\n\n\n<p>Aplikace Schola Pragensis v\u00e1s provede cel\u00fdm procesem v\u00fdb\u011bru st\u0159edn\u00ed \u0161koly. Obsahuje profesn\u00ed test pro odhalen\u00ed va\u0161ich siln\u00fdch str\u00e1nek a nab\u00edz\u00ed vhodn\u00e1 zam\u011b\u0159en\u00ed. Se s\u00e9ri\u00ed vide\u00ed \u201cPr\u016fvodce v\u00fdb\u011brem S\u0160\u201c v\u00e1s provedeme cel\u00fdm procesem v\u00fdb\u011bru \u0161koly. M\u016f\u017eete \u0161koly t\u0159\u00eddit podle lokality, oboru \u010di zam\u011b\u0159en\u00ed a ukl\u00e1dat si ty, kter\u00e9 se v\u00e1m l\u00edb\u00ed. Aplikace tak\u00e9 obsahuje mapku veletrhu, abyste si \u0161kolu mohli vybrat p\u0159edem. Sta\u010d\u00ed si st\u00e1hnout aplikaci a naj\u00edt svoj\u00ed vysn\u011bnou st\u0159edn\u00ed \u0161kolu.<a href=\"https:\/\/play.google.com\/store\/apps\/details?id=com.solutions200.scholapragensis\" target=\"_blank\" rel=\"noreferrer noopener\"><\/a><\/p>\n\n\n\n<p><a href=\"https:\/\/play.google.com\/store\/apps\/details?id=com.solutions200.scholapragensis\" target=\"_blank\" rel=\"noreferrer noopener\">St\u00e1hnout na<\/a> <a href=\"https:\/\/play.google.com\/store\/apps\/details?id=com.solutions200.scholapragensis\" target=\"_blank\" rel=\"noreferrer noopener\">Google Play<\/a><a href=\"https:\/\/apps.apple.com\/cz\/app\/schola-pragensis\/id6444214298?l=cs\" target=\"_blank\" rel=\"noreferrer noopener\"><\/a><\/p>\n\n\n\n<p><a href=\"https:\/\/apps.apple.com\/cz\/app\/schola-pragensis\/id6444214298?l=cs\" target=\"_blank\" rel=\"noreferrer noopener\">St\u00e1hnout na<\/a> <a href=\"https:\/\/apps.apple.com\/cz\/app\/schola-pragensis\/id6444214298?l=cs\" target=\"_blank\" rel=\"noreferrer noopener\">App Store<\/a><\/p>\n\n\n\n<div class=\"wp-block-columns is-layout-flex wp-container-core-columns-is-layout-9d6595d7 wp-block-columns-is-layout-flex\">\n<div class=\"wp-block-column is-layout-flow wp-block-column-is-layout-flow\">\n<h2 class=\"wp-block-heading\">Pro m\u00e9dia<\/h2>\n\n\n\n<div class=\"wp-block-file\"><a id=\"wp-block-file--media-d348604c-f522-43ce-81e6-55532d8f4d3d\" href=\"https:\/\/scholapragensis.200.solutions\/wp-content\/uploads\/2024\/09\/zprava-veletrh-1.pdf\">Zpr\u00e1va pro m\u00e9dia<\/a><a href=\"https:\/\/scholapragensis.200.solutions\/wp-content\/uploads\/2024\/09\/zprava-veletrh-1.pdf\" class=\"wp-block-file__button wp-element-button\" download aria-describedby=\"wp-block-file--media-d348604c-f522-43ce-81e6-55532d8f4d3d\">St\u00e1hnout<\/a><\/div>\n\n\n\n<div class=\"wp-block-file\"><a id=\"wp-block-file--media-8dbc09b8-d64e-4d83-8e20-6a1b4c52d1cf\" href=\"https:\/\/scholapragensis.200.solutions\/wp-content\/uploads\/2024\/09\/logo-4.png\">Logo velk\u00e9<\/a><a href=\"https:\/\/scholapragensis.200.solutions\/wp-content\/uploads\/2024\/09\/logo-4.png\" class=\"wp-block-file__button wp-element-button\" download aria-describedby=\"wp-block-file--media-8dbc09b8-d64e-4d83-8e20-6a1b4c52d1cf\">St\u00e1hnout<\/a><\/div>\n\n\n\n<div class=\"wp-block-file\"><a id=\"wp-block-file--media-9b81221d-94e7-41e1-b92a-e2dd62e1048c\" href=\"https:\/\/scholapragensis.200.solutions\/wp-content\/uploads\/2024\/11\/SP-2024-logo-aplikace.png\">Logo mal\u00e9<\/a><a href=\"https:\/\/scholapragensis.200.solutions\/wp-content\/uploads\/2024\/11\/SP-2024-logo-aplikace.png\" class=\"wp-block-file__button wp-element-button\" download aria-describedby=\"wp-block-file--media-9b81221d-94e7-41e1-b92a-e2dd62e1048c\">St\u00e1hnout<\/a><\/div>\n\n\n\n<div class=\"wp-block-file\"><a id=\"wp-block-file--media-a9868b29-9cea-4b07-84e8-2a157f60f861\" href=\"https:\/\/scholapragensis.200.solutions\/wp-content\/uploads\/2024\/11\/Plakat-Schola-Pragensis-2024-A4.pdf\">Plak\u00e1t veletrhu<\/a><a href=\"https:\/\/scholapragensis.200.solutions\/wp-content\/uploads\/2024\/11\/Plakat-Schola-Pragensis-2024-A4.pdf\" class=\"wp-block-file__button wp-element-button\" download aria-describedby=\"wp-block-file--media-a9868b29-9cea-4b07-84e8-2a157f60f861\">St\u00e1hnout<\/a><\/div>\n<\/div>\n\n\n\n<div class=\"wp-block-column is-layout-flow wp-block-column-is-layout-flow\">\n<h2 class=\"wp-block-heading\">Pro \u0161koly<\/h2>\n\n\n\n<div class=\"wp-block-file\"><a id=\"wp-block-file--media-4af5b4b5-89ee-4d92-88f1-efb3437944e6\" href=\"https:\/\/scholapragensis.200.solutions\/wp-content\/uploads\/2024\/11\/plakat-veletrhu-2024.pdf\">plak\u00e1t veletrhu 2024<\/a><a href=\"https:\/\/scholapragensis.200.solutions\/wp-content\/uploads\/2024\/11\/plakat-veletrhu-2024.pdf\" class=\"wp-block-file__button wp-element-button\" download aria-describedby=\"wp-block-file--media-4af5b4b5-89ee-4d92-88f1-efb3437944e6\">St\u00e1hnout<\/a><\/div>\n<\/div>\n<\/div>\n\n\n\n<p><\/p>\n","protected":false},"excerpt":{"rendered":"<p>Aplikace Schola Pragensis v\u00e1s provede v\u00fdb\u011brem st\u0159edn\u00ed \u0161koly od za\u010d\u00e1tku do konce Aplikace Schola Pragensis v\u00e1s provede cel\u00fdm procesem v\u00fdb\u011bru st\u0159edn\u00ed \u0161koly. Obsahuje profesn\u00ed test pro odhalen\u00ed va\u0161ich siln\u00fdch str\u00e1nek a nab\u00edz\u00ed vhodn\u00e1 zam\u011b\u0159en\u00ed. Se s\u00e9ri\u00ed vide\u00ed \u201cPr\u016fvodce v\u00fdb\u011brem S\u0160\u201c v\u00e1s provedeme cel\u00fdm procesem v\u00fdb\u011bru \u0161koly. M\u016f\u017eete \u0161koly t\u0159\u00eddit podle lokality, oboru \u010di zam\u011b\u0159en\u00ed a [&hellip;]<\/p>\n","protected":false},"author":1,"featured_media":0,"parent":0,"menu_order":0,"comment_status":"closed","ping_status":"closed","template":"","meta":{"_acf_changed":false,"inline_featured_image":false,"_breakdance_hide_in_design_set":false,"_breakdance_tags":"","footnotes":""},"class_list":["post-17","page","type-page","status-publish","hentry"],"acf":[],"yoast_head":"<!-- This site is optimized with the Yoast SEO plugin v25.9 - https:\/\/yoast.com\/wordpress\/plugins\/seo\/ -->\n<title>Ke sta\u017een\u00ed - Schola Pragensis<\/title>\n<meta name=\"robots\" content=\"index, follow, max-snippet:-1, max-image-preview:large, max-video-preview:-1\" \/>\n<link rel=\"canonical\" href=\"https:\/\/scholapragensis.200.solutions\/?page_id=17\" \/>\n<meta property=\"og:locale\" content=\"cs_CZ\" \/>\n<meta property=\"og:type\" content=\"article\" \/>\n<meta property=\"og:title\" content=\"Ke sta\u017een\u00ed - Schola Pragensis\" \/>\n<meta property=\"og:description\" content=\"Aplikace Schola Pragensis v\u00e1s provede v\u00fdb\u011brem st\u0159edn\u00ed \u0161koly od za\u010d\u00e1tku do konce Aplikace Schola Pragensis v\u00e1s provede cel\u00fdm procesem v\u00fdb\u011bru st\u0159edn\u00ed \u0161koly. Obsahuje profesn\u00ed test pro odhalen\u00ed va\u0161ich siln\u00fdch str\u00e1nek a nab\u00edz\u00ed vhodn\u00e1 zam\u011b\u0159en\u00ed. Se s\u00e9ri\u00ed vide\u00ed \u201cPr\u016fvodce v\u00fdb\u011brem S\u0160\u201c v\u00e1s provedeme cel\u00fdm procesem v\u00fdb\u011bru \u0161koly. M\u016f\u017eete \u0161koly t\u0159\u00eddit podle lokality, oboru \u010di zam\u011b\u0159en\u00ed a [&hellip;]\" \/>\n<meta property=\"og:url\" content=\"https:\/\/scholapragensis.200.solutions\/?page_id=17\" \/>\n<meta property=\"og:site_name\" content=\"Schola Pragensis\" \/>\n<meta property=\"article:modified_time\" content=\"2025-09-21T20:43:36+00:00\" \/>\n<meta name=\"twitter:card\" content=\"summary_large_image\" \/>\n<meta name=\"twitter:label1\" content=\"Odhadovan\u00e1 doba \u010dten\u00ed\" \/>\n\t<meta name=\"twitter:data1\" content=\"2 minuty\" \/>\n<script type=\"application\/ld+json\" class=\"yoast-schema-graph\">{\"@context\":\"https:\/\/schema.org\",\"@graph\":[{\"@type\":\"WebPage\",\"@id\":\"https:\/\/scholapragensis.200.solutions\/?page_id=17\",\"url\":\"https:\/\/scholapragensis.200.solutions\/?page_id=17\",\"name\":\"Ke sta\u017een\u00ed - Schola Pragensis\",\"isPartOf\":{\"@id\":\"https:\/\/scholapragensis.200.solutions\/#website\"},\"datePublished\":\"2024-01-10T13:17:15+00:00\",\"dateModified\":\"2025-09-21T20:43:36+00:00\",\"breadcrumb\":{\"@id\":\"https:\/\/scholapragensis.200.solutions\/?page_id=17#breadcrumb\"},\"inLanguage\":\"cs\",\"potentialAction\":[{\"@type\":\"ReadAction\",\"target\":[\"https:\/\/scholapragensis.200.solutions\/?page_id=17\"]}]},{\"@type\":\"BreadcrumbList\",\"@id\":\"https:\/\/scholapragensis.200.solutions\/?page_id=17#breadcrumb\",\"itemListElement\":[{\"@type\":\"ListItem\",\"position\":1,\"name\":\"Dom\u016f\",\"item\":\"https:\/\/scholapragensis.200.solutions\/\"},{\"@type\":\"ListItem\",\"position\":2,\"name\":\"Ke sta\u017een\u00ed\"}]},{\"@type\":\"WebSite\",\"@id\":\"https:\/\/scholapragensis.200.solutions\/#website\",\"url\":\"https:\/\/scholapragensis.200.solutions\/\",\"name\":\"Schola Pragensis\",\"description\":\"Veletrh a aplikace Schola Pragensis v\u00e1s provede v\u00fdb\u011brem st\u0159edn\u00ed \u0161koly.\",\"potentialAction\":[{\"@type\":\"SearchAction\",\"target\":{\"@type\":\"EntryPoint\",\"urlTemplate\":\"https:\/\/scholapragensis.200.solutions\/?s={search_term_string}\"},\"query-input\":{\"@type\":\"PropertyValueSpecification\",\"valueRequired\":true,\"valueName\":\"search_term_string\"}}],\"inLanguage\":\"cs\"}]}<\/script>\n<!-- \/ Yoast SEO plugin. -->","yoast_head_json":{"title":"Ke sta\u017een\u00ed - Schola Pragensis","robots":{"index":"index","follow":"follow","max-snippet":"max-snippet:-1","max-image-preview":"max-image-preview:large","max-video-preview":"max-video-preview:-1"},"canonical":"https:\/\/scholapragensis.200.solutions\/?page_id=17","og_locale":"cs_CZ","og_type":"article","og_title":"Ke sta\u017een\u00ed - Schola Pragensis","og_description":"Aplikace Schola Pragensis v\u00e1s provede v\u00fdb\u011brem st\u0159edn\u00ed \u0161koly od za\u010d\u00e1tku do konce Aplikace Schola Pragensis v\u00e1s provede cel\u00fdm procesem v\u00fdb\u011bru st\u0159edn\u00ed \u0161koly. Obsahuje profesn\u00ed test pro odhalen\u00ed va\u0161ich siln\u00fdch str\u00e1nek a nab\u00edz\u00ed vhodn\u00e1 zam\u011b\u0159en\u00ed. Se s\u00e9ri\u00ed vide\u00ed \u201cPr\u016fvodce v\u00fdb\u011brem S\u0160\u201c v\u00e1s provedeme cel\u00fdm procesem v\u00fdb\u011bru \u0161koly. M\u016f\u017eete \u0161koly t\u0159\u00eddit podle lokality, oboru \u010di zam\u011b\u0159en\u00ed a [&hellip;]","og_url":"https:\/\/scholapragensis.200.solutions\/?page_id=17","og_site_name":"Schola Pragensis","article_modified_time":"2025-09-21T20:43:36+00:00","twitter_card":"summary_large_image","twitter_misc":{"Odhadovan\u00e1 doba \u010dten\u00ed":"2 minuty"},"schema":{"@context":"https:\/\/schema.org","@graph":[{"@type":"WebPage","@id":"https:\/\/scholapragensis.200.solutions\/?page_id=17","url":"https:\/\/scholapragensis.200.solutions\/?page_id=17","name":"Ke sta\u017een\u00ed - Schola Pragensis","isPartOf":{"@id":"https:\/\/scholapragensis.200.solutions\/#website"},"datePublished":"2024-01-10T13:17:15+00:00","dateModified":"2025-09-21T20:43:36+00:00","breadcrumb":{"@id":"https:\/\/scholapragensis.200.solutions\/?page_id=17#breadcrumb"},"inLanguage":"cs","potentialAction":[{"@type":"ReadAction","target":["https:\/\/scholapragensis.200.solutions\/?page_id=17"]}]},{"@type":"BreadcrumbList","@id":"https:\/\/scholapragensis.200.solutions\/?page_id=17#breadcrumb","itemListElement":[{"@type":"ListItem","position":1,"name":"Dom\u016f","item":"https:\/\/scholapragensis.200.solutions\/"},{"@type":"ListItem","position":2,"name":"Ke sta\u017een\u00ed"}]},{"@type":"WebSite","@id":"https:\/\/scholapragensis.200.solutions\/#website","url":"https:\/\/scholapragensis.200.solutions\/","name":"Schola Pragensis","description":"Veletrh a aplikace Schola Pragensis v\u00e1s provede v\u00fdb\u011brem st\u0159edn\u00ed \u0161koly.","potentialAction":[{"@type":"SearchAction","target":{"@type":"EntryPoint","urlTemplate":"https:\/\/scholapragensis.200.solutions\/?s={search_term_string}"},"query-input":{"@type":"PropertyValueSpecification","valueRequired":true,"valueName":"search_term_string"}}],"inLanguage":"cs"}]}},"_links":{"self":[{"href":"https:\/\/scholapragensis.200.solutions\/index.php?rest_route=\/wp\/v2\/pages\/17","targetHints":{"allow":["GET"]}}],"collection":[{"href":"https:\/\/scholapragensis.200.solutions\/index.php?rest_route=\/wp\/v2\/pages"}],"about":[{"href":"https:\/\/scholapragensis.200.solutions\/index.php?rest_route=\/wp\/v2\/types\/page"}],"author":[{"embeddable":true,"href":"https:\/\/scholapragensis.200.solutions\/index.php?rest_route=\/wp\/v2\/users\/1"}],"replies":[{"embeddable":true,"href":"https:\/\/scholapragensis.200.solutions\/index.php?rest_route=%2Fwp%2Fv2%2Fcomments&post=17"}],"version-history":[{"count":19,"href":"https:\/\/scholapragensis.200.solutions\/index.php?rest_route=\/wp\/v2\/pages\/17\/revisions"}],"predecessor-version":[{"id":888,"href":"https:\/\/scholapragensis.200.solutions\/index.php?rest_route=\/wp\/v2\/pages\/17\/revisions\/888"}],"wp:attachment":[{"href":"https:\/\/scholapragensis.200.solutions\/index.php?rest_route=%2Fwp%2Fv2%2Fmedia&parent=17"}],"curies":[{"name":"wp","href":"https:\/\/api.w.org\/{rel}","templated":true}]}}