{"id":15,"date":"2024-01-10T14:17:04","date_gmt":"2024-01-10T13:17:04","guid":{"rendered":"https:\/\/scholapragensis.200.solutions\/?page_id=15"},"modified":"2025-09-21T23:01:10","modified_gmt":"2025-09-21T21:01:10","slug":"o-veletrhu","status":"publish","type":"page","link":"https:\/\/scholapragensis.200.solutions\/?page_id=15","title":{"rendered":"O veletrhu"},"content":{"rendered":"\n<h2 class=\"wp-block-heading\">Veletrh Schola Pragensis: Objevte svou ide\u00e1ln\u00ed st\u0159edn\u00ed \u0161kolu<\/h2>\n\n\n\n<p>Schola Pragensis je veletrh pra\u017esk\u00fdch st\u0159edn\u00edch \u0161kol, kter\u00fd ka\u017edoro\u010dn\u011b pom\u00e1h\u00e1 \u0159ad\u00e1m student\u016f naj\u00edt svoji vysn\u011bnou \u0161kolu. Letos se bude konat ve dnech <strong>27. a\u017e 29. listopadu<\/strong> v&nbsp;Kongresov\u00e9m centru na Vy\u0161ehrad\u011b, a to v\u017edy v&nbsp;\u010dase od 8:30 do 18:00 hodin, krom\u011b soboty, kdy veletrh kon\u010d\u00ed u\u017e v&nbsp;15:00 hodin.<\/p>\n\n\n\n<figure class=\"wp-block-image\"><img decoding=\"async\" src=\"https:\/\/old.scholapragensis.online\/Foto_Veletrh.jpg\" alt=\"\"\/><\/figure>\n\n\n\n<p>Vstup je pro v\u0161echny z\u00e1jemce zdarma, av\u0161ak pokud pl\u00e1nujete na veletrh zav\u00edtat s celou t\u0159\u00eddou, doporu\u010dujeme si vytvo\u0159it rezervaci, kter\u00e1 V\u00e1m n\u00e1v\u0161t\u011bvu usnadn\u00ed. Sv\u00e9 m\u00edsto si m\u016f\u017eete zarezervovat <a href=\"https:\/\/rezervace.scholapragensis.online\/\" data-type=\"link\" data-id=\"https:\/\/rezervace.scholapragensis.online\/\">zde<\/a>. Obecn\u011b je ide\u00e1ln\u00ed dorazit bu\u010f hned v&nbsp;dob\u011b otv\u00edra\u010dky, tedy v 8:30, anebo pozd\u011bji okolo poledne, kdy b\u00fdv\u00e1 po\u010det n\u00e1v\u0161t\u011bvn\u00edk\u016f men\u0161\u00ed.<\/p>\n\n\n\n<p>Kongresov\u00e9 centrum je snadno dostupn\u00e9, a to nejl\u00e9pe metrem linky C. Nach\u00e1z\u00ed se toti\u017e jen p\u00e1r krok\u016f od stanice Vy\u0161ehrad. Do budovy se pak dostanete vchody \u010d\u00edslo 2 a 3. V&nbsp;n\u00ed naleznete jak st\u00e1nky st\u0159edn\u00edch \u0161kol, tak doprovodn\u00fd program, na kter\u00e9m se m\u016f\u017eete dozv\u011bd\u011bt d\u016fle\u017eit\u00e9 informace nav\u00edc anebo se sezn\u00e1mit s&nbsp;mo\u017en\u00fdmi budouc\u00edmi spolu\u017e\u00e1ky.<\/p>\n\n\n\n<p>Pro lep\u0161\u00ed orientaci na veletrhu si m\u016f\u017eete st\u00e1hnout i na\u0161i mobiln\u00ed aplikaci Schola Pragensis, kter\u00e1 nab\u00edz\u00ed p\u0159ehled \u0161kol, videa o v\u00fdb\u011bru ide\u00e1ln\u00edho oboru anebo profesn\u00ed test. A co v\u00edc? Sv\u00e9 obl\u00edben\u00e9 \u0161koly si v&nbsp;n\u00ed m\u016f\u017eete ulo\u017eit a m\u00edt je tak v\u0161echny na jednom m\u00edst\u011b.<\/p>\n\n\n\n<p>Pokud m\u00e1te jak\u00fdkoliv dotaz t\u00fdkaj\u00edc\u00ed se veletrhu, nev\u00e1hejte a kontaktujte n\u00e1s na e-mailu <a href=\"mailto:veletrh@scholapragensis.200.solutions\">veletrh@scholapragensis.200.solutions<\/a>. A pro nejnov\u011bj\u0161\u00ed informace nezapome\u0148te sledovat na\u0161e soci\u00e1ln\u00ed s\u00edt\u011b!<\/p>\n\n\n\n<p><\/p>\n","protected":false},"excerpt":{"rendered":"<p>Veletrh Schola Pragensis: Objevte svou ide\u00e1ln\u00ed st\u0159edn\u00ed \u0161kolu Schola Pragensis je veletrh pra\u017esk\u00fdch st\u0159edn\u00edch \u0161kol, kter\u00fd ka\u017edoro\u010dn\u011b pom\u00e1h\u00e1 \u0159ad\u00e1m student\u016f naj\u00edt svoji vysn\u011bnou \u0161kolu. Letos se bude konat ve dnech 27. a\u017e 29. listopadu v&nbsp;Kongresov\u00e9m centru na Vy\u0161ehrad\u011b, a to v\u017edy v&nbsp;\u010dase od 8:30 do 18:00 hodin, krom\u011b soboty, kdy veletrh kon\u010d\u00ed u\u017e v&nbsp;15:00 hodin. [&hellip;]<\/p>\n","protected":false},"author":1,"featured_media":0,"parent":0,"menu_order":0,"comment_status":"closed","ping_status":"closed","template":"","meta":{"_acf_changed":false,"inline_featured_image":false,"_breakdance_hide_in_design_set":false,"_breakdance_tags":"","footnotes":""},"class_list":["post-15","page","type-page","status-publish","hentry"],"acf":[],"yoast_head":"<!-- This site is optimized with the Yoast SEO plugin v25.9 - https:\/\/yoast.com\/wordpress\/plugins\/seo\/ -->\n<title>O veletrhu - Schola Pragensis<\/title>\n<meta name=\"robots\" content=\"index, follow, max-snippet:-1, max-image-preview:large, max-video-preview:-1\" \/>\n<link rel=\"canonical\" href=\"https:\/\/scholapragensis.200.solutions\/?page_id=15\" \/>\n<meta property=\"og:locale\" content=\"cs_CZ\" \/>\n<meta property=\"og:type\" content=\"article\" \/>\n<meta property=\"og:title\" content=\"O veletrhu - Schola Pragensis\" \/>\n<meta property=\"og:description\" content=\"Veletrh Schola Pragensis: Objevte svou ide\u00e1ln\u00ed st\u0159edn\u00ed \u0161kolu Schola Pragensis je veletrh pra\u017esk\u00fdch st\u0159edn\u00edch \u0161kol, kter\u00fd ka\u017edoro\u010dn\u011b pom\u00e1h\u00e1 \u0159ad\u00e1m student\u016f naj\u00edt svoji vysn\u011bnou \u0161kolu. Letos se bude konat ve dnech 27. a\u017e 29. listopadu v&nbsp;Kongresov\u00e9m centru na Vy\u0161ehrad\u011b, a to v\u017edy v&nbsp;\u010dase od 8:30 do 18:00 hodin, krom\u011b soboty, kdy veletrh kon\u010d\u00ed u\u017e v&nbsp;15:00 hodin. [&hellip;]\" \/>\n<meta property=\"og:url\" content=\"https:\/\/scholapragensis.200.solutions\/?page_id=15\" \/>\n<meta property=\"og:site_name\" content=\"Schola Pragensis\" \/>\n<meta property=\"article:modified_time\" content=\"2025-09-21T21:01:10+00:00\" \/>\n<meta property=\"og:image\" content=\"https:\/\/old.scholapragensis.online\/Foto_Veletrh.jpg\" \/>\n<meta name=\"twitter:card\" content=\"summary_large_image\" \/>\n<meta name=\"twitter:label1\" content=\"Odhadovan\u00e1 doba \u010dten\u00ed\" \/>\n\t<meta name=\"twitter:data1\" content=\"2 minuty\" \/>\n<script type=\"application\/ld+json\" class=\"yoast-schema-graph\">{\"@context\":\"https:\/\/schema.org\",\"@graph\":[{\"@type\":\"WebPage\",\"@id\":\"https:\/\/scholapragensis.200.solutions\/?page_id=15\",\"url\":\"https:\/\/scholapragensis.200.solutions\/?page_id=15\",\"name\":\"O veletrhu - Schola Pragensis\",\"isPartOf\":{\"@id\":\"https:\/\/scholapragensis.200.solutions\/#website\"},\"primaryImageOfPage\":{\"@id\":\"https:\/\/scholapragensis.200.solutions\/?page_id=15#primaryimage\"},\"image\":{\"@id\":\"https:\/\/scholapragensis.200.solutions\/?page_id=15#primaryimage\"},\"thumbnailUrl\":\"https:\/\/old.scholapragensis.online\/Foto_Veletrh.jpg\",\"datePublished\":\"2024-01-10T13:17:04+00:00\",\"dateModified\":\"2025-09-21T21:01:10+00:00\",\"breadcrumb\":{\"@id\":\"https:\/\/scholapragensis.200.solutions\/?page_id=15#breadcrumb\"},\"inLanguage\":\"cs\",\"potentialAction\":[{\"@type\":\"ReadAction\",\"target\":[\"https:\/\/scholapragensis.200.solutions\/?page_id=15\"]}]},{\"@type\":\"ImageObject\",\"inLanguage\":\"cs\",\"@id\":\"https:\/\/scholapragensis.200.solutions\/?page_id=15#primaryimage\",\"url\":\"https:\/\/old.scholapragensis.online\/Foto_Veletrh.jpg\",\"contentUrl\":\"https:\/\/old.scholapragensis.online\/Foto_Veletrh.jpg\"},{\"@type\":\"BreadcrumbList\",\"@id\":\"https:\/\/scholapragensis.200.solutions\/?page_id=15#breadcrumb\",\"itemListElement\":[{\"@type\":\"ListItem\",\"position\":1,\"name\":\"Dom\u016f\",\"item\":\"https:\/\/scholapragensis.200.solutions\/\"},{\"@type\":\"ListItem\",\"position\":2,\"name\":\"O veletrhu\"}]},{\"@type\":\"WebSite\",\"@id\":\"https:\/\/scholapragensis.200.solutions\/#website\",\"url\":\"https:\/\/scholapragensis.200.solutions\/\",\"name\":\"Schola Pragensis\",\"description\":\"Veletrh a aplikace Schola Pragensis v\u00e1s provede v\u00fdb\u011brem st\u0159edn\u00ed \u0161koly.\",\"potentialAction\":[{\"@type\":\"SearchAction\",\"target\":{\"@type\":\"EntryPoint\",\"urlTemplate\":\"https:\/\/scholapragensis.200.solutions\/?s={search_term_string}\"},\"query-input\":{\"@type\":\"PropertyValueSpecification\",\"valueRequired\":true,\"valueName\":\"search_term_string\"}}],\"inLanguage\":\"cs\"}]}<\/script>\n<!-- \/ Yoast SEO plugin. -->","yoast_head_json":{"title":"O veletrhu - Schola Pragensis","robots":{"index":"index","follow":"follow","max-snippet":"max-snippet:-1","max-image-preview":"max-image-preview:large","max-video-preview":"max-video-preview:-1"},"canonical":"https:\/\/scholapragensis.200.solutions\/?page_id=15","og_locale":"cs_CZ","og_type":"article","og_title":"O veletrhu - Schola Pragensis","og_description":"Veletrh Schola Pragensis: Objevte svou ide\u00e1ln\u00ed st\u0159edn\u00ed \u0161kolu Schola Pragensis je veletrh pra\u017esk\u00fdch st\u0159edn\u00edch \u0161kol, kter\u00fd ka\u017edoro\u010dn\u011b pom\u00e1h\u00e1 \u0159ad\u00e1m student\u016f naj\u00edt svoji vysn\u011bnou \u0161kolu. Letos se bude konat ve dnech 27. a\u017e 29. listopadu v&nbsp;Kongresov\u00e9m centru na Vy\u0161ehrad\u011b, a to v\u017edy v&nbsp;\u010dase od 8:30 do 18:00 hodin, krom\u011b soboty, kdy veletrh kon\u010d\u00ed u\u017e v&nbsp;15:00 hodin. [&hellip;]","og_url":"https:\/\/scholapragensis.200.solutions\/?page_id=15","og_site_name":"Schola Pragensis","article_modified_time":"2025-09-21T21:01:10+00:00","og_image":[{"url":"https:\/\/old.scholapragensis.online\/Foto_Veletrh.jpg","type":"","width":"","height":""}],"twitter_card":"summary_large_image","twitter_misc":{"Odhadovan\u00e1 doba \u010dten\u00ed":"2 minuty"},"schema":{"@context":"https:\/\/schema.org","@graph":[{"@type":"WebPage","@id":"https:\/\/scholapragensis.200.solutions\/?page_id=15","url":"https:\/\/scholapragensis.200.solutions\/?page_id=15","name":"O veletrhu - Schola Pragensis","isPartOf":{"@id":"https:\/\/scholapragensis.200.solutions\/#website"},"primaryImageOfPage":{"@id":"https:\/\/scholapragensis.200.solutions\/?page_id=15#primaryimage"},"image":{"@id":"https:\/\/scholapragensis.200.solutions\/?page_id=15#primaryimage"},"thumbnailUrl":"https:\/\/old.scholapragensis.online\/Foto_Veletrh.jpg","datePublished":"2024-01-10T13:17:04+00:00","dateModified":"2025-09-21T21:01:10+00:00","breadcrumb":{"@id":"https:\/\/scholapragensis.200.solutions\/?page_id=15#breadcrumb"},"inLanguage":"cs","potentialAction":[{"@type":"ReadAction","target":["https:\/\/scholapragensis.200.solutions\/?page_id=15"]}]},{"@type":"ImageObject","inLanguage":"cs","@id":"https:\/\/scholapragensis.200.solutions\/?page_id=15#primaryimage","url":"https:\/\/old.scholapragensis.online\/Foto_Veletrh.jpg","contentUrl":"https:\/\/old.scholapragensis.online\/Foto_Veletrh.jpg"},{"@type":"BreadcrumbList","@id":"https:\/\/scholapragensis.200.solutions\/?page_id=15#breadcrumb","itemListElement":[{"@type":"ListItem","position":1,"name":"Dom\u016f","item":"https:\/\/scholapragensis.200.solutions\/"},{"@type":"ListItem","position":2,"name":"O veletrhu"}]},{"@type":"WebSite","@id":"https:\/\/scholapragensis.200.solutions\/#website","url":"https:\/\/scholapragensis.200.solutions\/","name":"Schola Pragensis","description":"Veletrh a aplikace Schola Pragensis v\u00e1s provede v\u00fdb\u011brem st\u0159edn\u00ed \u0161koly.","potentialAction":[{"@type":"SearchAction","target":{"@type":"EntryPoint","urlTemplate":"https:\/\/scholapragensis.200.solutions\/?s={search_term_string}"},"query-input":{"@type":"PropertyValueSpecification","valueRequired":true,"valueName":"search_term_string"}}],"inLanguage":"cs"}]}},"_links":{"self":[{"href":"https:\/\/scholapragensis.200.solutions\/index.php?rest_route=\/wp\/v2\/pages\/15","targetHints":{"allow":["GET"]}}],"collection":[{"href":"https:\/\/scholapragensis.200.solutions\/index.php?rest_route=\/wp\/v2\/pages"}],"about":[{"href":"https:\/\/scholapragensis.200.solutions\/index.php?rest_route=\/wp\/v2\/types\/page"}],"author":[{"embeddable":true,"href":"https:\/\/scholapragensis.200.solutions\/index.php?rest_route=\/wp\/v2\/users\/1"}],"replies":[{"embeddable":true,"href":"https:\/\/scholapragensis.200.solutions\/index.php?rest_route=%2Fwp%2Fv2%2Fcomments&post=15"}],"version-history":[{"count":15,"href":"https:\/\/scholapragensis.200.solutions\/index.php?rest_route=\/wp\/v2\/pages\/15\/revisions"}],"predecessor-version":[{"id":900,"href":"https:\/\/scholapragensis.200.solutions\/index.php?rest_route=\/wp\/v2\/pages\/15\/revisions\/900"}],"wp:attachment":[{"href":"https:\/\/scholapragensis.200.solutions\/index.php?rest_route=%2Fwp%2Fv2%2Fmedia&parent=15"}],"curies":[{"name":"wp","href":"https:\/\/api.w.org\/{rel}","templated":true}]}}