{"id":13,"date":"2024-01-10T14:16:49","date_gmt":"2024-01-10T13:16:49","guid":{"rendered":"https:\/\/scholapragensis.200.solutions\/?page_id=13"},"modified":"2025-09-21T22:42:24","modified_gmt":"2025-09-21T20:42:24","slug":"pro-vystavovatele","status":"publish","type":"page","link":"https:\/\/scholapragensis.200.solutions\/?page_id=13","title":{"rendered":"Pro vystavovatele"},"content":{"rendered":"\n<h2 class=\"wp-block-heading\">N\u00ed\u017ee naleznete seznam d\u016fle\u017eit\u00fdch informac\u00ed pro vystavovatele<\/h2>\n\n\n\n<p><strong>Co je veletrh Schola Pragensis?<\/strong><\/p>\n\n\n\n<p>Veletrh Schola Pragensis je ka\u017edoro\u010dn\u00ed akce zam\u011b\u0159en\u00e1 na \u017e\u00e1ky dev\u00e1t\u00fdch ro\u010dn\u00edk\u016f, kte\u0159\u00ed se zaj\u00edmaj\u00ed o pra\u017esk\u00e9 st\u0159edn\u00ed \u0161koly. \u00da\u010dastn\u00edci zde mohou z\u00edskat ucelen\u00fd p\u0159ehled o nab\u00edzen\u00fdch oborech, co\u017e jim usnadn\u00ed rozhodov\u00e1n\u00ed ohledn\u011b budouc\u00edho st\u0159edo\u0161kolsk\u00e9ho studia.<\/p>\n\n\n\n<p><strong>Kdy a kde se veletrh kon\u00e1?<\/strong><\/p>\n\n\n\n<p>Letos bude veletrh prob\u00edhat mezi dny 27. a\u017e 29. listopadu 2025 v&nbsp;Kongresov\u00e9m centru na Vy\u0161ehrad\u011b, a to v\u017edy v&nbsp;\u010dase od 8:30 do 18:00 hodin, krom\u011b soboty, kdy veletrh kon\u010d\u00ed u\u017e v&nbsp;15:00 hodin.<\/p>\n\n\n\n<p><strong>Kam se mus\u00edm registrovat?<\/strong><\/p>\n\n\n\n<p>Na veletrh je nutn\u00e9 se registrovat. Registraci vypln\u00ed pouze kvalifikovan\u00e1 organizace podle stanoven\u00fdch podm\u00ednek, kter\u00e9 jsou uvedeny v p\u0159\u00edloh\u00e1ch n\u00ed\u017ee.<\/p>\n\n\n\n<p>P\u0159ihl\u00e1\u0161ka vystavovatele &#8211; tuto m\u016f\u017ee podat pouze organizace, kter\u00e1 spl\u0148uje podm\u00ednky &#8211; viz. d\u00e1le.<\/p>\n\n\n\n<p>P\u0159ihl\u00e1\u0161ka k vypln\u011bn\u00ed zde: <a href=\"https:\/\/docs.google.com\/forms\/d\/e\/1FAIpQLSepQliRB9VHXlGPB7asj-Zrh5aknLLAaDV4a_qkK9hgNSOVyQ\/viewform?usp=sharing\">FORMUL\u00c1\u0158 GOOGLE<\/a><\/p>\n\n\n\n<p><a href=\"https:\/\/docs.google.com\/forms\/d\/e\/1FAIpQLSepQliRB9VHXlGPB7asj-Zrh5aknLLAaDV4a_qkK9hgNSOVyQ\/viewform\">https:\/\/docs.google.com\/forms\/d\/e\/1FAIpQLSepQliRB9VHXlGPB7asj-Zrh5aknLLAaDV4a_qkK9hgNSOVyQ\/viewform<\/a><\/p>\n\n\n\n<p><strong>Jsme soukrom\u00e1 \u0161kola. Plat\u00ed pro n\u00e1s jako vystavovatele jin\u00fd re\u017eim?<\/strong><\/p>\n\n\n\n<p>Pro ve\u0159ejn\u00e9 i soukrom\u00e9 \u0161koly plat\u00ed stejn\u00e1 pravidla. M\u016f\u017ee se ov\u0161em st\u00e1t, \u017ee vzhledem ke kapacit\u011b veletrhu nebude mo\u017en\u00e9 poskytnout prostor pro vystavov\u00e1n\u00ed ka\u017ed\u00e9 \u0161kole.<\/p>\n\n\n\n<p><strong>Je vystavov\u00e1n\u00ed na veletrhu zpoplatn\u011bno?<\/strong><\/p>\n\n\n\n<p>Vystavov\u00e1n\u00ed na online i offline \u010d\u00e1sti veletrhu je v\u017edy bezplatn\u00e9. To plat\u00ed jak pro ve\u0159ejn\u00e9, tak i soukrom\u00e9 \u0161koly.<\/p>\n\n\n\n<h3 class=\"wp-block-heading\">Dokumenty pro vystavovatele<mark style=\"background-color:rgba(0, 0, 0, 0);color:#8ace00\" class=\"has-inline-color\">:<\/mark><\/h3>\n\n\n\n<div class=\"wp-block-file\"><a id=\"wp-block-file--media-ac175fd0-66d4-41d0-82d8-f56c7f08e59c\" href=\"https:\/\/scholapragensis.200.solutions\/wp-content\/uploads\/2025\/06\/SCHOLA_PRAGENSIS_VSEOBECNE_PODMINKY_PRO_VYSTAVOVATELE_2025.pdf\">V\u0161eobecn\u00e9 podm\u00ednky pro vystavovatele<\/a><a href=\"https:\/\/scholapragensis.200.solutions\/wp-content\/uploads\/2025\/06\/SCHOLA_PRAGENSIS_VSEOBECNE_PODMINKY_PRO_VYSTAVOVATELE_2025.pdf\" class=\"wp-block-file__button wp-element-button\" download aria-describedby=\"wp-block-file--media-ac175fd0-66d4-41d0-82d8-f56c7f08e59c\">St\u00e1hnout<\/a><\/div>\n\n\n\n<div class=\"wp-block-file\"><a id=\"wp-block-file--media-8842c049-ae3f-4b17-abd6-b620dee26996\" href=\"https:\/\/scholapragensis.200.solutions\/wp-content\/uploads\/2025\/06\/SP25_MANUAL_PRO_VYSTAVOVATELE_verze_30_04_2025_JH.pdf\">Manu\u00e1l pro vystavovatele<\/a><a href=\"https:\/\/scholapragensis.200.solutions\/wp-content\/uploads\/2025\/06\/SP25_MANUAL_PRO_VYSTAVOVATELE_verze_30_04_2025_JH.pdf\" class=\"wp-block-file__button wp-element-button\" download aria-describedby=\"wp-block-file--media-8842c049-ae3f-4b17-abd6-b620dee26996\">St\u00e1hnout<\/a><\/div>\n\n\n\n<p><\/p>\n","protected":false},"excerpt":{"rendered":"<p>N\u00ed\u017ee naleznete seznam d\u016fle\u017eit\u00fdch informac\u00ed pro vystavovatele Co je veletrh Schola Pragensis? Veletrh Schola Pragensis je ka\u017edoro\u010dn\u00ed akce zam\u011b\u0159en\u00e1 na \u017e\u00e1ky dev\u00e1t\u00fdch ro\u010dn\u00edk\u016f, kte\u0159\u00ed se zaj\u00edmaj\u00ed o pra\u017esk\u00e9 st\u0159edn\u00ed \u0161koly. \u00da\u010dastn\u00edci zde mohou z\u00edskat ucelen\u00fd p\u0159ehled o nab\u00edzen\u00fdch oborech, co\u017e jim usnadn\u00ed rozhodov\u00e1n\u00ed ohledn\u011b budouc\u00edho st\u0159edo\u0161kolsk\u00e9ho studia. Kdy a kde se veletrh kon\u00e1? Letos bude [&hellip;]<\/p>\n","protected":false},"author":1,"featured_media":0,"parent":0,"menu_order":0,"comment_status":"closed","ping_status":"closed","template":"","meta":{"_acf_changed":false,"inline_featured_image":false,"_breakdance_hide_in_design_set":false,"_breakdance_tags":"","footnotes":""},"class_list":["post-13","page","type-page","status-publish","hentry"],"acf":[],"yoast_head":"<!-- This site is optimized with the Yoast SEO plugin v25.9 - https:\/\/yoast.com\/wordpress\/plugins\/seo\/ -->\n<title>Pro vystavovatele - Schola Pragensis<\/title>\n<meta name=\"robots\" content=\"index, follow, max-snippet:-1, max-image-preview:large, max-video-preview:-1\" \/>\n<link rel=\"canonical\" href=\"https:\/\/scholapragensis.200.solutions\/?page_id=13\" \/>\n<meta property=\"og:locale\" content=\"cs_CZ\" \/>\n<meta property=\"og:type\" content=\"article\" \/>\n<meta property=\"og:title\" content=\"Pro vystavovatele - Schola Pragensis\" \/>\n<meta property=\"og:description\" content=\"N\u00ed\u017ee naleznete seznam d\u016fle\u017eit\u00fdch informac\u00ed pro vystavovatele Co je veletrh Schola Pragensis? Veletrh Schola Pragensis je ka\u017edoro\u010dn\u00ed akce zam\u011b\u0159en\u00e1 na \u017e\u00e1ky dev\u00e1t\u00fdch ro\u010dn\u00edk\u016f, kte\u0159\u00ed se zaj\u00edmaj\u00ed o pra\u017esk\u00e9 st\u0159edn\u00ed \u0161koly. \u00da\u010dastn\u00edci zde mohou z\u00edskat ucelen\u00fd p\u0159ehled o nab\u00edzen\u00fdch oborech, co\u017e jim usnadn\u00ed rozhodov\u00e1n\u00ed ohledn\u011b budouc\u00edho st\u0159edo\u0161kolsk\u00e9ho studia. Kdy a kde se veletrh kon\u00e1? Letos bude [&hellip;]\" \/>\n<meta property=\"og:url\" content=\"https:\/\/scholapragensis.200.solutions\/?page_id=13\" \/>\n<meta property=\"og:site_name\" content=\"Schola Pragensis\" \/>\n<meta property=\"article:modified_time\" content=\"2025-09-21T20:42:24+00:00\" \/>\n<meta name=\"twitter:card\" content=\"summary_large_image\" \/>\n<meta name=\"twitter:label1\" content=\"Odhadovan\u00e1 doba \u010dten\u00ed\" \/>\n\t<meta name=\"twitter:data1\" content=\"2 minuty\" \/>\n<script type=\"application\/ld+json\" class=\"yoast-schema-graph\">{\"@context\":\"https:\/\/schema.org\",\"@graph\":[{\"@type\":\"WebPage\",\"@id\":\"https:\/\/scholapragensis.200.solutions\/?page_id=13\",\"url\":\"https:\/\/scholapragensis.200.solutions\/?page_id=13\",\"name\":\"Pro vystavovatele - Schola Pragensis\",\"isPartOf\":{\"@id\":\"https:\/\/scholapragensis.200.solutions\/#website\"},\"datePublished\":\"2024-01-10T13:16:49+00:00\",\"dateModified\":\"2025-09-21T20:42:24+00:00\",\"breadcrumb\":{\"@id\":\"https:\/\/scholapragensis.200.solutions\/?page_id=13#breadcrumb\"},\"inLanguage\":\"cs\",\"potentialAction\":[{\"@type\":\"ReadAction\",\"target\":[\"https:\/\/scholapragensis.200.solutions\/?page_id=13\"]}]},{\"@type\":\"BreadcrumbList\",\"@id\":\"https:\/\/scholapragensis.200.solutions\/?page_id=13#breadcrumb\",\"itemListElement\":[{\"@type\":\"ListItem\",\"position\":1,\"name\":\"Dom\u016f\",\"item\":\"https:\/\/scholapragensis.200.solutions\/\"},{\"@type\":\"ListItem\",\"position\":2,\"name\":\"Pro vystavovatele\"}]},{\"@type\":\"WebSite\",\"@id\":\"https:\/\/scholapragensis.200.solutions\/#website\",\"url\":\"https:\/\/scholapragensis.200.solutions\/\",\"name\":\"Schola Pragensis\",\"description\":\"Veletrh a aplikace Schola Pragensis v\u00e1s provede v\u00fdb\u011brem st\u0159edn\u00ed \u0161koly.\",\"potentialAction\":[{\"@type\":\"SearchAction\",\"target\":{\"@type\":\"EntryPoint\",\"urlTemplate\":\"https:\/\/scholapragensis.200.solutions\/?s={search_term_string}\"},\"query-input\":{\"@type\":\"PropertyValueSpecification\",\"valueRequired\":true,\"valueName\":\"search_term_string\"}}],\"inLanguage\":\"cs\"}]}<\/script>\n<!-- \/ Yoast SEO plugin. -->","yoast_head_json":{"title":"Pro vystavovatele - Schola Pragensis","robots":{"index":"index","follow":"follow","max-snippet":"max-snippet:-1","max-image-preview":"max-image-preview:large","max-video-preview":"max-video-preview:-1"},"canonical":"https:\/\/scholapragensis.200.solutions\/?page_id=13","og_locale":"cs_CZ","og_type":"article","og_title":"Pro vystavovatele - Schola Pragensis","og_description":"N\u00ed\u017ee naleznete seznam d\u016fle\u017eit\u00fdch informac\u00ed pro vystavovatele Co je veletrh Schola Pragensis? Veletrh Schola Pragensis je ka\u017edoro\u010dn\u00ed akce zam\u011b\u0159en\u00e1 na \u017e\u00e1ky dev\u00e1t\u00fdch ro\u010dn\u00edk\u016f, kte\u0159\u00ed se zaj\u00edmaj\u00ed o pra\u017esk\u00e9 st\u0159edn\u00ed \u0161koly. \u00da\u010dastn\u00edci zde mohou z\u00edskat ucelen\u00fd p\u0159ehled o nab\u00edzen\u00fdch oborech, co\u017e jim usnadn\u00ed rozhodov\u00e1n\u00ed ohledn\u011b budouc\u00edho st\u0159edo\u0161kolsk\u00e9ho studia. Kdy a kde se veletrh kon\u00e1? Letos bude [&hellip;]","og_url":"https:\/\/scholapragensis.200.solutions\/?page_id=13","og_site_name":"Schola Pragensis","article_modified_time":"2025-09-21T20:42:24+00:00","twitter_card":"summary_large_image","twitter_misc":{"Odhadovan\u00e1 doba \u010dten\u00ed":"2 minuty"},"schema":{"@context":"https:\/\/schema.org","@graph":[{"@type":"WebPage","@id":"https:\/\/scholapragensis.200.solutions\/?page_id=13","url":"https:\/\/scholapragensis.200.solutions\/?page_id=13","name":"Pro vystavovatele - Schola Pragensis","isPartOf":{"@id":"https:\/\/scholapragensis.200.solutions\/#website"},"datePublished":"2024-01-10T13:16:49+00:00","dateModified":"2025-09-21T20:42:24+00:00","breadcrumb":{"@id":"https:\/\/scholapragensis.200.solutions\/?page_id=13#breadcrumb"},"inLanguage":"cs","potentialAction":[{"@type":"ReadAction","target":["https:\/\/scholapragensis.200.solutions\/?page_id=13"]}]},{"@type":"BreadcrumbList","@id":"https:\/\/scholapragensis.200.solutions\/?page_id=13#breadcrumb","itemListElement":[{"@type":"ListItem","position":1,"name":"Dom\u016f","item":"https:\/\/scholapragensis.200.solutions\/"},{"@type":"ListItem","position":2,"name":"Pro vystavovatele"}]},{"@type":"WebSite","@id":"https:\/\/scholapragensis.200.solutions\/#website","url":"https:\/\/scholapragensis.200.solutions\/","name":"Schola Pragensis","description":"Veletrh a aplikace Schola Pragensis v\u00e1s provede v\u00fdb\u011brem st\u0159edn\u00ed \u0161koly.","potentialAction":[{"@type":"SearchAction","target":{"@type":"EntryPoint","urlTemplate":"https:\/\/scholapragensis.200.solutions\/?s={search_term_string}"},"query-input":{"@type":"PropertyValueSpecification","valueRequired":true,"valueName":"search_term_string"}}],"inLanguage":"cs"}]}},"_links":{"self":[{"href":"https:\/\/scholapragensis.200.solutions\/index.php?rest_route=\/wp\/v2\/pages\/13","targetHints":{"allow":["GET"]}}],"collection":[{"href":"https:\/\/scholapragensis.200.solutions\/index.php?rest_route=\/wp\/v2\/pages"}],"about":[{"href":"https:\/\/scholapragensis.200.solutions\/index.php?rest_route=\/wp\/v2\/types\/page"}],"author":[{"embeddable":true,"href":"https:\/\/scholapragensis.200.solutions\/index.php?rest_route=\/wp\/v2\/users\/1"}],"replies":[{"embeddable":true,"href":"https:\/\/scholapragensis.200.solutions\/index.php?rest_route=%2Fwp%2Fv2%2Fcomments&post=13"}],"version-history":[{"count":14,"href":"https:\/\/scholapragensis.200.solutions\/index.php?rest_route=\/wp\/v2\/pages\/13\/revisions"}],"predecessor-version":[{"id":885,"href":"https:\/\/scholapragensis.200.solutions\/index.php?rest_route=\/wp\/v2\/pages\/13\/revisions\/885"}],"wp:attachment":[{"href":"https:\/\/scholapragensis.200.solutions\/index.php?rest_route=%2Fwp%2Fv2%2Fmedia&parent=13"}],"curies":[{"name":"wp","href":"https:\/\/api.w.org\/{rel}","templated":true}]}}